{"id":14,"date":"2018-01-08T14:59:39","date_gmt":"2018-01-08T14:59:39","guid":{"rendered":"https:\/\/demo.axlethemes.com\/education-mind-pro\/?page_id=14"},"modified":"2023-12-17T11:02:00","modified_gmt":"2023-12-17T10:02:00","slug":"gallery","status":"publish","type":"page","link":"https:\/\/www.ostrahage.se\/index.php\/gallery\/","title":{"rendered":"Galleri"},"content":{"rendered":"\n<p><\/p>\n\n\n\n<p><\/p>\n\n\n<h3>Denna sida uppdateras l\u00f6pande<\/h3>\n<p>Fler bilder kommer att l\u00e4ggas till efterhand<\/p>\n<p>\u00a0<\/p>\n<h3>\u00a0<\/h3>\n<h3><img loading=\"lazy\" decoding=\"async\" class=\"alignnone size-full wp-image-629\" src=\"https:\/\/media1.ostrahage.se\/2018\/03\/Bild-371-2.jpg\" alt=\"\" width=\"2048\" height=\"1536\" \/><\/h3>\n<p><img decoding=\"async\" src=\"https:\/\/media1.ostrahage.se\/2023\/06\/Vagvisning-Ostra-hage.jpg\" \/><\/p>\n<p><img loading=\"lazy\" decoding=\"async\" class=\"size-full wp-image-1043 alignleft\" src=\"https:\/\/media1.ostrahage.se\/2019\/04\/Ostraskylt.jpg\" alt=\"\" width=\"1224\" height=\"1632\" \/><\/p>\n<p>\u00a0<\/p>\n<h3>\u00a0<\/h3>\n<p>\u00a0<\/p>\n<p><img decoding=\"async\" src=\"https:\/\/media1.ostrahage.se\/2018\/06\/IMG_20180623_171954_resized_20180623_085028993.jpg\" \/><\/p>\n<p><img decoding=\"async\" src=\"https:\/\/media1.ostrahage.se\/2021\/10\/Bild-166.jpg\" \/><\/p>\n<p><img decoding=\"async\" src=\"https:\/\/media1.ostrahage.se\/2019\/03\/IMG_20180430_200913.jpg\" \/><\/p>\n<p><img decoding=\"async\" src=\"https:\/\/media1.ostrahage.se\/2019\/06\/Lekplats.jpg\" \/><\/p>\n<p><img decoding=\"async\" src=\"https:\/\/media1.ostrahage.se\/2021\/05\/Rishog-Ostra-Hage-1024x768.jpg\" \/><\/p>\n<h5><img decoding=\"async\" src=\"https:\/\/media1.ostrahage.se\/2021\/05\/Valborg-Ostra-Hage-1024x768.jpg\" \/><\/h5>\n<h5>Se den h\u00e4ngande arboristen i Eken nedan<\/h5>\n<h3><img decoding=\"async\" src=\"https:\/\/media1.ostrahage.se\/2022\/04\/Beskarning-av-eken.jpg\" \/><\/h3>\n<h5>Tryck p\u00e5 bilden f\u00f6r att f\u00f6rstora.<\/h5>\n<h3>\u00a0<\/h3>\n<p>\u00a0<\/p>\n<h3><a href=\"https:\/\/media1.ostrahage.se\/2018\/03\/Bild-371.jpg\" target=\"_blank\" rel=\"noopener\">\u00a0<\/a><\/h3>\n<h3>\u00a0<\/h3>\n<h3>\u00a0<\/h3>\n<h3>\u00a0<\/h3>","protected":false},"excerpt":{"rendered":"<p>Denna sida uppdateras l\u00f6pande Fler bilder kommer att l\u00e4ggas till efterhand \u00a0 \u00a0 \u00a0 \u00a0 \u00a0 Se den h\u00e4ngande arboristen i Eken nedan Tryck p\u00e5 bilden f\u00f6r att f\u00f6rstora. \u00a0 \u00a0 \u00a0 \u00a0 \u00a0 \u00a0<\/p>\n","protected":false},"author":1,"featured_media":1044,"parent":0,"menu_order":0,"comment_status":"closed","ping_status":"closed","template":"","meta":{"footnotes":""},"_links":{"self":[{"href":"https:\/\/www.ostrahage.se\/index.php\/wp-json\/wp\/v2\/pages\/14"}],"collection":[{"href":"https:\/\/www.ostrahage.se\/index.php\/wp-json\/wp\/v2\/pages"}],"about":[{"href":"https:\/\/www.ostrahage.se\/index.php\/wp-json\/wp\/v2\/types\/page"}],"author":[{"embeddable":true,"href":"https:\/\/www.ostrahage.se\/index.php\/wp-json\/wp\/v2\/users\/1"}],"replies":[{"embeddable":true,"href":"https:\/\/www.ostrahage.se\/index.php\/wp-json\/wp\/v2\/comments?post=14"}],"version-history":[{"count":33,"href":"https:\/\/www.ostrahage.se\/index.php\/wp-json\/wp\/v2\/pages\/14\/revisions"}],"predecessor-version":[{"id":2632,"href":"https:\/\/www.ostrahage.se\/index.php\/wp-json\/wp\/v2\/pages\/14\/revisions\/2632"}],"wp:featuredmedia":[{"embeddable":true,"href":"https:\/\/www.ostrahage.se\/index.php\/wp-json\/wp\/v2\/media\/1044"}],"wp:attachment":[{"href":"https:\/\/www.ostrahage.se\/index.php\/wp-json\/wp\/v2\/media?parent=14"}],"curies":[{"name":"wp","href":"https:\/\/api.w.org\/{rel}","templated":true}]}}