{"id":1484,"date":"2021-08-30T23:43:22","date_gmt":"2021-08-30T21:43:22","guid":{"rendered":"http:\/\/www.ostrahage.se\/?page_id=1484"},"modified":"2022-07-28T23:30:35","modified_gmt":"2022-07-28T21:30:35","slug":"historia","status":"publish","type":"page","link":"https:\/\/www.ostrahage.se\/index.php\/historia\/","title":{"rendered":"Historia"},"content":{"rendered":"\n<p><strong>I dessa jubileumsskrifter kan du l\u00e4sa om omr\u00e5dets och f\u00f6reningens historia<\/strong><\/p>\n\n\n\n<p>(PDF) <a href=\"https:\/\/media1.ostrahage.se\/2021\/08\/Ostra-Hage-60-ar.pdf\">L\u00e4nk till Ostra Hages 60-\u00e5rs jubileum<\/a>  (Samf\u00e4llighetsf\u00f6reningen 2017)<\/p>\n\n\n\n<p>(PDF) <a href=\"https:\/\/media1.ostrahage.se\/2021\/09\/Ostra-4a-20ars-jubileumsskrift-1977.pdf\">L\u00e4nk till Ostra 4a 20-\u00e5rs jubileum<\/a>  (Den ekonomiska f\u00f6reningen 1977)<\/p>\n\n\n\n<p><strong>L\u00e4nkar till andra dokument<\/strong><\/p>\n\n\n\n<p>(PDF) <a href=\"https:\/\/media1.ostrahage.se\/2021\/09\/Artikel-Folket-20070819.pdf\">Artikel i tidningen Folket 2007<\/a> ang f\u00f6reningens 50\u00e5rs jubileum<\/p>\n\n\n\n<p>(PDF) <a href=\"https:\/\/media1.ostrahage.se\/2021\/09\/1957-Kommitens-forslag-till-ekonomisk-plan.pdf\">Den ekonomiska plan som l\u00e5g till grund f\u00f6r bildandet av den ekonomiska f\u00f6reningen 1957<\/a>.<\/p>\n\n\n\n<p>(JPG) <a href=\"https:\/\/media1.ostrahage.se\/2022\/07\/220723-Ursprunglig-tomtkarta-Ostra4-Ekonomiska-forening.jpg\">Gammal tomtkarta fr\u00e5n tiden d\u00e5 den Ekonomiska f\u00f6reningen bildades<\/a><\/p>\n\n\n\n<p>(PDF) <a href=\"https:\/\/media1.ostrahage.se\/2022\/07\/Tomtfordelning-vid-Ostra-4a-Ekonomiska-forenings-bildande-samt-gammal-medlemsforteckning-artal-okant.pdf\">Tomtf\u00f6rdelning vid Ostra 4a Ekonomiska f\u00f6renings bildande samt gammal medlemsf\u00f6rteckning \u00e5rtal ok\u00e4nt<\/a><\/p>\n\n\n\n<p>(JPG) <a href=\"https:\/\/media1.ostrahage.se\/2022\/07\/Gammal-tomtkarta-med-inritade-dagvattenledningar_brunnar-o-huvudkranar-for-sommarvatten.jpg\">Tomtkarta (sannolikt 80- eller 90-tal) med inritade dagvattenledningar, brunnar och huvudkranar f\u00f6r sommarvatten<\/a><\/p>\n","protected":false},"excerpt":{"rendered":"<p>I dessa jubileumsskrifter kan du l\u00e4sa om omr\u00e5dets och f\u00f6reningens historia (PDF) L\u00e4nk till Ostra Hages 60-\u00e5rs jubileum (Samf\u00e4llighetsf\u00f6reningen 2017) (PDF) L\u00e4nk till Ostra 4a 20-\u00e5rs jubileum (Den ekonomiska f\u00f6reningen 1977) L\u00e4nkar till andra dokument (PDF) Artikel i tidningen Folket&hellip;&nbsp;<a href=\"https:\/\/www.ostrahage.se\/index.php\/historia\/\" class=\"more-link\">Read More<\/a><\/p>\n","protected":false},"author":2,"featured_media":0,"parent":0,"menu_order":0,"comment_status":"closed","ping_status":"closed","template":"","meta":{"footnotes":""},"_links":{"self":[{"href":"https:\/\/www.ostrahage.se\/index.php\/wp-json\/wp\/v2\/pages\/1484"}],"collection":[{"href":"https:\/\/www.ostrahage.se\/index.php\/wp-json\/wp\/v2\/pages"}],"about":[{"href":"https:\/\/www.ostrahage.se\/index.php\/wp-json\/wp\/v2\/types\/page"}],"author":[{"embeddable":true,"href":"https:\/\/www.ostrahage.se\/index.php\/wp-json\/wp\/v2\/users\/2"}],"replies":[{"embeddable":true,"href":"https:\/\/www.ostrahage.se\/index.php\/wp-json\/wp\/v2\/comments?post=1484"}],"version-history":[{"count":24,"href":"https:\/\/www.ostrahage.se\/index.php\/wp-json\/wp\/v2\/pages\/1484\/revisions"}],"predecessor-version":[{"id":2077,"href":"https:\/\/www.ostrahage.se\/index.php\/wp-json\/wp\/v2\/pages\/1484\/revisions\/2077"}],"wp:attachment":[{"href":"https:\/\/www.ostrahage.se\/index.php\/wp-json\/wp\/v2\/media?parent=1484"}],"curies":[{"name":"wp","href":"https:\/\/api.w.org\/{rel}","templated":true}]}}