{"id":1578,"date":"2021-10-01T13:18:30","date_gmt":"2021-10-01T11:18:30","guid":{"rendered":"http:\/\/www.ostrahage.se\/?page_id=1578"},"modified":"2026-03-24T10:40:22","modified_gmt":"2026-03-24T09:40:22","slug":"ekonomi","status":"publish","type":"page","link":"https:\/\/www.ostrahage.se\/index.php\/ekonomi\/","title":{"rendered":"Ekonomi"},"content":{"rendered":"\n<p>H\u00e4r kan du l\u00e4sa om f\u00f6reningens ekonomi samt avgifter och ers\u00e4ttningar i f\u00f6reningen<\/p>\n\n\n\n<p><\/p>\n\n\n\n<p>(PDF) <a href=\"https:\/\/www.ostrahage.se\/wp-content\/uploads\/2026\/03\/Styrelsens-verksamhetsberattelse-2025-1.pdf\">L\u00e4nk till verksamhetsber\u00e4ttelse 2025<\/a><br>(PDF) <a href=\"https:\/\/www.ostrahage.se\/wp-content\/uploads\/2026\/03\/260301-RRBR-2025-1.pdf\">L\u00e4nk till resultat- och balansr\u00e4kning 2025<\/a><br>(PDF) <a href=\"https:\/\/www.ostrahage.se\/wp-content\/uploads\/2025\/06\/Debiteringslangd-2025-utan-namn-for-hemsida.pdf\">L\u00e4nk till debiteringsl\u00e4ngd 2025<\/a><br><\/p>\n\n\n\n<p>Eftersom GA2 (v\u00e4gar) och GA3 (gr\u00f6nomr\u00e5de, sommarvatten och dagvattenledningar) har samma del\u00e4gare med samma andelstal sl\u00e5s de tv\u00e5 gemensamhetsanl\u00e4ggningarna samman i bokf\u00f6ring och rapportering. Detta f\u00f6r att f\u00f6renkla och minska f\u00f6reningens administrativa kostnader.<\/p>\n\n\n\n<figure class=\"wp-block-image size-full\"><img loading=\"lazy\" decoding=\"async\" width=\"752\" height=\"539\" src=\"https:\/\/www.ostrahage.se\/wp-content\/uploads\/2026\/03\/image.png\" alt=\"\" class=\"wp-image-3242\" srcset=\"https:\/\/www.ostrahage.se\/wp-content\/uploads\/2026\/03\/image.png 752w, https:\/\/www.ostrahage.se\/wp-content\/uploads\/2026\/03\/image-300x215.png 300w, https:\/\/www.ostrahage.se\/wp-content\/uploads\/2026\/03\/image-360x258.png 360w\" sizes=\"(max-width: 752px) 100vw, 752px\" \/><\/figure>\n\n\n\n<p>Diagrammet ovan visar hur l\u00e4nge f\u00f6reningens sparade medel i form av  eget kapital och fonder skulle r\u00e4cka f\u00f6r att t\u00e4cka f\u00f6reningens \u00e5rliga kostnader. V\u00e5ra anl\u00e4ggningars v\u00e4rden \u00e4r inte medtagna i ber\u00e4kningen.<\/p>\n\n\n\n<figure class=\"wp-block-image size-full\"><img loading=\"lazy\" decoding=\"async\" width=\"752\" height=\"449\" src=\"https:\/\/www.ostrahage.se\/wp-content\/uploads\/2026\/03\/image-1.png\" alt=\"\" class=\"wp-image-3244\" srcset=\"https:\/\/www.ostrahage.se\/wp-content\/uploads\/2026\/03\/image-1.png 752w, https:\/\/www.ostrahage.se\/wp-content\/uploads\/2026\/03\/image-1-300x179.png 300w, https:\/\/www.ostrahage.se\/wp-content\/uploads\/2026\/03\/image-1-360x215.png 360w\" sizes=\"(max-width: 752px) 100vw, 752px\" \/><\/figure>\n\n\n\n<p><strong>V\u00e4gslitage vid byggnation<\/strong><\/p>\n\n\n\n<p>Generell avgift f\u00f6r v\u00e4gslitage vid byggnation (&gt;50 m2) \u00e4r 4000 kr enligt beslut vid ordinarie f\u00f6reningsst\u00e4mma 2018<\/p>\n\n\n\n<p>Om kostnaden f\u00f6r \u00e5terst\u00e4llande av v\u00e4gen \u00f6verstiger 4000 kr har styrelsen r\u00e4tt att fakturera hela kostnaden.<\/p>\n\n\n\n<p><strong>Ers\u00e4ttning f\u00f6r arbete<\/strong><\/p>\n\n\n\n<p>Arbete i f\u00f6reningen ers\u00e4tts med 175 kr per timme (skattepliktigt) enligt beslut vid ordinarie f\u00f6reningsst\u00e4mma 2023.<\/p>\n\n\n\n<p>Arbetstimmar ska alltid godk\u00e4nnas av arbetsutskottets ansvarige innan arbete utf\u00f6rs om inte s\u00e4rskild<br>\u00f6verenskommelse finns. Vid beg\u00e4ran om ers\u00e4ttning ska alltid utf\u00f6rt arbete specificeras med uppgift om vad som&nbsp;gjorts och n\u00e4r (antal timmar per dag).<\/p>\n\n\n\n<p>Nedanst\u00e5ende blankett ska anv\u00e4ndas<\/p>\n\n\n\n<p>(PDF)&nbsp;<a href=\"https:\/\/media1.ostrahage.se\/2018\/04\/180325-Beg\u00e4ran-om-ers\u00e4ttning-f\u00f6r-utf\u00f6rt-arbete.pdf\">180325 Beg\u00e4ran om ers\u00e4ttning f\u00f6r utf\u00f6rt arbete<\/a><\/p>\n\n\n\n<p><strong>Ers\u00e4ttning vid gemensamma trivsel\/arbetsdagar<\/strong><\/p>\n\n\n\n<p>Gemensamma trivsel\/arbetsdagar genomf\u00f6rs normalt tv\u00e5 g\u00e5nger per \u00e5r. En g\u00e5ng p\u00e5 v\u00e5ren och en g\u00e5ng p\u00e5 h\u00f6sten.<br>Ers\u00e4ttningen f\u00f6r deltagande (4 timmars arbete) \u00e4r 350 kr per fastighet och tillf\u00e4lle.  Ers\u00e4ttningsniv\u00e5n beslutades vid ordinarie f\u00f6reningsst\u00e4mma 2023. Ers\u00e4ttningen erh\u00e5lls genom avdrag p\u00e5 n\u00e4stkommande \u00e5rs faktura f\u00f6r \u00e5rsavgiften.<\/p>\n\n\n\n<p><strong>Arvoden till styrelse och revisorer<\/strong><\/p>\n\n\n\n<p>Arvoden till styrelse och revisorer fastst\u00e4lls f\u00f6r ett \u00e5r i taget vid ordinarie f\u00f6reningsst\u00e4mma.<\/p>\n","protected":false},"excerpt":{"rendered":"<p>H\u00e4r kan du l\u00e4sa om f\u00f6reningens ekonomi samt avgifter och ers\u00e4ttningar i f\u00f6reningen (PDF) L\u00e4nk till verksamhetsber\u00e4ttelse 2025(PDF) L\u00e4nk till resultat- och balansr\u00e4kning 2025(PDF) L\u00e4nk till debiteringsl\u00e4ngd 2025 Eftersom GA2 (v\u00e4gar) och GA3 (gr\u00f6nomr\u00e5de, sommarvatten och dagvattenledningar) har samma del\u00e4gare&hellip;&nbsp;<a href=\"https:\/\/www.ostrahage.se\/index.php\/ekonomi\/\" class=\"more-link\">Read More<\/a><\/p>\n","protected":false},"author":2,"featured_media":0,"parent":0,"menu_order":0,"comment_status":"closed","ping_status":"closed","template":"","meta":{"footnotes":""},"_links":{"self":[{"href":"https:\/\/www.ostrahage.se\/index.php\/wp-json\/wp\/v2\/pages\/1578"}],"collection":[{"href":"https:\/\/www.ostrahage.se\/index.php\/wp-json\/wp\/v2\/pages"}],"about":[{"href":"https:\/\/www.ostrahage.se\/index.php\/wp-json\/wp\/v2\/types\/page"}],"author":[{"embeddable":true,"href":"https:\/\/www.ostrahage.se\/index.php\/wp-json\/wp\/v2\/users\/2"}],"replies":[{"embeddable":true,"href":"https:\/\/www.ostrahage.se\/index.php\/wp-json\/wp\/v2\/comments?post=1578"}],"version-history":[{"count":62,"href":"https:\/\/www.ostrahage.se\/index.php\/wp-json\/wp\/v2\/pages\/1578\/revisions"}],"predecessor-version":[{"id":3245,"href":"https:\/\/www.ostrahage.se\/index.php\/wp-json\/wp\/v2\/pages\/1578\/revisions\/3245"}],"wp:attachment":[{"href":"https:\/\/www.ostrahage.se\/index.php\/wp-json\/wp\/v2\/media?parent=1578"}],"curies":[{"name":"wp","href":"https:\/\/api.w.org\/{rel}","templated":true}]}}