{"id":1772,"date":"2022-04-07T14:40:45","date_gmt":"2022-04-07T12:40:45","guid":{"rendered":"http:\/\/www.ostrahage.se\/?page_id=1772"},"modified":"2024-03-27T00:33:51","modified_gmt":"2024-03-26T23:33:51","slug":"juridisk-information","status":"publish","type":"page","link":"https:\/\/www.ostrahage.se\/index.php\/juridisk-information\/","title":{"rendered":"Juridisk information"},"content":{"rendered":"\n<p>Firmanamn: Ostra Hage Samf\u00e4llighetsf\u00f6rening<br>Organisationsform: Samf\u00e4llighetsf\u00f6rening<br>Status: Aktiv<br>S\u00e4te: Eskilstuna<br>Adress: c\/o Bengt Johansson, S\u00f6dra Hagv\u00e4gen 7, 63508 Eskilstuna<\/p>\n\n\n\n<p>Organisationsnummer: 716424-4415<br>Bankgiro: 5089-3551<\/p>\n\n\n\n<p>F\u00f6reningen \u00e4r del\u00e4garbeskattad och  bedriver ej momspliktig verksamhet.<\/p>\n\n\n\n<p><\/p>\n","protected":false},"excerpt":{"rendered":"<p>Firmanamn: Ostra Hage Samf\u00e4llighetsf\u00f6reningOrganisationsform: Samf\u00e4llighetsf\u00f6reningStatus: AktivS\u00e4te: EskilstunaAdress: c\/o Bengt Johansson, S\u00f6dra Hagv\u00e4gen 7, 63508 Eskilstuna Organisationsnummer: 716424-4415Bankgiro: 5089-3551 F\u00f6reningen \u00e4r del\u00e4garbeskattad och bedriver ej momspliktig verksamhet.<\/p>\n","protected":false},"author":2,"featured_media":0,"parent":0,"menu_order":0,"comment_status":"closed","ping_status":"closed","template":"","meta":{"footnotes":""},"_links":{"self":[{"href":"https:\/\/www.ostrahage.se\/index.php\/wp-json\/wp\/v2\/pages\/1772"}],"collection":[{"href":"https:\/\/www.ostrahage.se\/index.php\/wp-json\/wp\/v2\/pages"}],"about":[{"href":"https:\/\/www.ostrahage.se\/index.php\/wp-json\/wp\/v2\/types\/page"}],"author":[{"embeddable":true,"href":"https:\/\/www.ostrahage.se\/index.php\/wp-json\/wp\/v2\/users\/2"}],"replies":[{"embeddable":true,"href":"https:\/\/www.ostrahage.se\/index.php\/wp-json\/wp\/v2\/comments?post=1772"}],"version-history":[{"count":15,"href":"https:\/\/www.ostrahage.se\/index.php\/wp-json\/wp\/v2\/pages\/1772\/revisions"}],"predecessor-version":[{"id":2691,"href":"https:\/\/www.ostrahage.se\/index.php\/wp-json\/wp\/v2\/pages\/1772\/revisions\/2691"}],"wp:attachment":[{"href":"https:\/\/www.ostrahage.se\/index.php\/wp-json\/wp\/v2\/media?parent=1772"}],"curies":[{"name":"wp","href":"https:\/\/api.w.org\/{rel}","templated":true}]}}