{"id":2291,"date":"2023-04-16T10:15:20","date_gmt":"2023-04-16T08:15:20","guid":{"rendered":"http:\/\/www.ostrahage.se\/?page_id=2291"},"modified":"2025-06-17T17:30:12","modified_gmt":"2025-06-17T15:30:12","slug":"projekt","status":"publish","type":"page","link":"https:\/\/www.ostrahage.se\/index.php\/projekt\/","title":{"rendered":"Projekt"},"content":{"rendered":"\n<p>H\u00e4r informeras l\u00f6pande om kommande och p\u00e5g\u00e5ende projekt.<\/p>\n\n\n\n<p>F\u00f6r n\u00e4rvarande finns h\u00e4r information avseende<\/p>\n\n\n\n<p>1 SEVABs drifts\u00e4kring av Ostra Hage<br>2 \u00d6verf\u00f6ring av GA18 Fiber till Eskilstuna Energi och milj\u00f6<br>3 Vision f\u00f6r Ostrabadet (6 bilder fr\u00e5n ett informationsm\u00f6te med  boende i Ostra Knall)<\/p>\n\n\n\n<p>1 <strong>SEVABs drifts\u00e4kring av Ostra Hage genom nedl\u00e4ggning av markkabel samt upps\u00e4ttning av nya kabelsk\u00e5p och markm\u00e4tarsk\u00e5p.<\/strong><\/p>\n\n\n\n<p>Enligt de f\u00f6rsta uppgifterna fr\u00e5n SEVAB skulle projektet genomf\u00f6ras under 2023.  Efter diverse f\u00f6rseningar k\u00e4nns det nu os\u00e4kert n\u00e4r projektet kommer att genomf\u00f6ras. I b\u00e4sta fall skulle arbetet kunna starta i slutet av 2025 men det k\u00e4nns os\u00e4kert eller kanske till och med osannolikt.<\/p>\n\n\n\n<p>Styrelsen ser positivt p\u00e5 att SEVAB genom nedl\u00e4ggning av ny markkabel drifts\u00e4krar omr\u00e5dets elf\u00f6rs\u00f6rjning, \u00f6kar kapaciteten i n\u00e4tet och att vi fram\u00f6ver slipper luftledningar och elstolpar. Dock kommer det s\u00e4kert att bli en del \u00f6verg\u00e5ende st\u00f6k och ol\u00e4genheter i samband med nedl\u00e4ggningen.<\/p>\n\n\n\n<p>Styrelsen har ombett SEVAB att ta fram en \u00f6versiktlig l\u00e4ttf\u00f6rst\u00e5elig information om projektet inkl. \u00f6versiktlig tidplan som f\u00f6reningen kan publicera h\u00e4r p\u00e5 hemsidan. Men detta har hittills inte h\u00f6rsammats.<\/p>\n\n\n\n<p>Var kablar ska l\u00e4ggas och var sk\u00e5p ska st\u00e5 \u00e4r dock klart och ber\u00f6rda fastighets\u00e4gare ska ha f\u00e5tt kartor och enligt SEVAB finns det nu markuppl\u00e5telseavtal f\u00f6r hela Ostra Hage inkl. f\u00f6reningens fastighet Ostra 4:14 (v\u00e4gar, g\u00e5ngstig och gr\u00f6nomr\u00e5de).<\/p>\n\n\n\n<p>Fr\u00e5gor om den egna fastighetens ledningar och sk\u00e5p b\u00f6r st\u00e4llas direkt till SEVAB. Fr\u00e5gor kring ledningar och sk\u00e5p p\u00e5 f\u00f6reningens fastighet (Ostra 4:14) st\u00e4lls b\u00e4st till styrelsen som f\u00e5r samordna i f\u00f6rh\u00e5llande till SEVAB<\/p>\n\n\n\n<p>SEVAB bekostar nedl\u00e4ggning av kabel och upps\u00e4ttning av sk\u00e5p. Styrelsen har fr\u00e5gat SEVAB vem som bekostar ledningsdragning fr\u00e5n markm\u00e4tarsk\u00e5p till hus f\u00f6r de som idag har luftledning.  SEVAB har svarat att de tar \u00e4ven den kostnaden.<\/p>\n\n\n\n<p>Nedan kan man ladda ner och l\u00e4sa de kartor mm f\u00f6reningen f\u00e5tt avseende Ostra 4:14<\/p>\n\n\n\n<p><a href=\"https:\/\/media1.ostrahage.se\/2023\/04\/oversiktskarta....pdf\">\u00d6versiktskarta<\/a><br><a href=\"https:\/\/media1.ostrahage.se\/2023\/04\/04-Avtalskarta-Ostra-414-AK01-v2.pdf\">AK01<\/a> (Avtalskarta 01)<br><a href=\"https:\/\/media1.ostrahage.se\/2023\/04\/04-Avtalskarta-Ostra-414-AK02.pdf\">AK02<\/a> (Avtalskarta 02)<br><a href=\"https:\/\/media1.ostrahage.se\/2023\/04\/04-Avtalskarta-Ostra-414-AK03.pdf\">AK03<\/a> (Avtalskarta 03)<br><a href=\"https:\/\/media1.ostrahage.se\/2023\/04\/04-Avtalskarta-Ostra-414-AK04.pdf\">AK04<\/a> (Avtalskarta 04)<br><a href=\"https:\/\/media1.ostrahage.se\/2023\/06\/04-Avtalskarta-Ostra-414-AK05_ny.pdf\">AK05 <\/a>(Avtalskarta 05)<\/p>\n\n\n\n<p><a href=\"https:\/\/media1.ostrahage.se\/2023\/04\/03-MUA-Eskilstuna-Ostra-414.docx\">03 MUA<\/a><br><a href=\"https:\/\/media1.ostrahage.se\/2023\/04\/02-VP-Ostra-414.xlsx\">02 VP<\/a><br><\/p>\n\n\n\n<p><strong>2 \u00d6verf\u00f6ring av GA18 Fiber till Eskilstuna Energi och milj\u00f6<\/strong><\/p>\n\n\n\n<p>F\u00f6reningsst\u00e4mman 2023 gav styrelsen mandat att \u00f6verf\u00f6ra gemensamhetsanl\u00e4ggningen till Eskilstuna Energi och milj\u00f6 mot en ers\u00e4ttning som motsvarar f\u00f6reningens investeringskostnad.<br>Styrelsen tecknade d\u00e4refter i maj 2023 avtal med EEM om detta.<\/p>\n\n\n\n<p>Aff\u00e4ren slutf\u00f6rdes i juni 2025 genom att betalningen p\u00e5 175 000 kr erh\u00f6lls. Ledningsr\u00e4tten \u00e4r \u00f6verf\u00f6rd till EEM genom Lantm\u00e4teribeslut.<\/p>\n\n\n\n<p>Likvidation av gemensamhetsanl\u00e4ggningens kvarst\u00e5ende medel p\u00e5g\u00e5r och utbetalning till del\u00e4gande fastigheter kan f\u00f6rhoppningsvis g\u00f6ras under augusti m\u00e5nad.<\/p>\n\n\n\n<p>3 <strong>Vision utveckling av Ostrabadet<\/strong><\/p>\n\n\n\n<p><a href=\"https:\/\/media1.ostrahage.se\/2023\/04\/Ostrabadet06.jpg\">Bild_1<\/a><br><a href=\"https:\/\/media1.ostrahage.se\/2023\/04\/Ostrabadet05.jpg\">Bild_2<\/a><br><a href=\"https:\/\/media1.ostrahage.se\/2023\/04\/Ostrabadet04.jpg\">Bild_3<\/a><br><a href=\"https:\/\/media1.ostrahage.se\/2023\/04\/Ostrabadet03.jpg\">Bild_4<\/a><br><a href=\"https:\/\/media1.ostrahage.se\/2023\/04\/Ostrabadet02.jpg\">Bild_5<\/a><br><a href=\"https:\/\/media1.ostrahage.se\/2023\/04\/Ostrabadet01.jpg\">Bild_6<\/a><\/p>\n\n\n\n<p><\/p>\n","protected":false},"excerpt":{"rendered":"<p>H\u00e4r informeras l\u00f6pande om kommande och p\u00e5g\u00e5ende projekt. F\u00f6r n\u00e4rvarande finns h\u00e4r information avseende 1 SEVABs drifts\u00e4kring av Ostra Hage2 \u00d6verf\u00f6ring av GA18 Fiber till Eskilstuna Energi och milj\u00f63 Vision f\u00f6r Ostrabadet (6 bilder fr\u00e5n ett informationsm\u00f6te med boende i&hellip;&nbsp;<a href=\"https:\/\/www.ostrahage.se\/index.php\/projekt\/\" class=\"more-link\">Read More<\/a><\/p>\n","protected":false},"author":2,"featured_media":0,"parent":0,"menu_order":0,"comment_status":"closed","ping_status":"closed","template":"","meta":{"footnotes":""},"_links":{"self":[{"href":"https:\/\/www.ostrahage.se\/index.php\/wp-json\/wp\/v2\/pages\/2291"}],"collection":[{"href":"https:\/\/www.ostrahage.se\/index.php\/wp-json\/wp\/v2\/pages"}],"about":[{"href":"https:\/\/www.ostrahage.se\/index.php\/wp-json\/wp\/v2\/types\/page"}],"author":[{"embeddable":true,"href":"https:\/\/www.ostrahage.se\/index.php\/wp-json\/wp\/v2\/users\/2"}],"replies":[{"embeddable":true,"href":"https:\/\/www.ostrahage.se\/index.php\/wp-json\/wp\/v2\/comments?post=2291"}],"version-history":[{"count":72,"href":"https:\/\/www.ostrahage.se\/index.php\/wp-json\/wp\/v2\/pages\/2291\/revisions"}],"predecessor-version":[{"id":3086,"href":"https:\/\/www.ostrahage.se\/index.php\/wp-json\/wp\/v2\/pages\/2291\/revisions\/3086"}],"wp:attachment":[{"href":"https:\/\/www.ostrahage.se\/index.php\/wp-json\/wp\/v2\/media?parent=2291"}],"curies":[{"name":"wp","href":"https:\/\/api.w.org\/{rel}","templated":true}]}}