{"id":362,"date":"2018-01-08T14:58:45","date_gmt":"2018-01-08T14:58:45","guid":{"rendered":"https:\/\/demo.axlethemes.com\/education-mind-pro\/?page_id=6"},"modified":"2025-08-07T15:23:44","modified_gmt":"2025-08-07T13:23:44","slug":"omoss","status":"publish","type":"page","link":"https:\/\/www.ostrahage.se\/index.php\/omoss\/","title":{"rendered":"Om Ostra Hage"},"content":{"rendered":"<p><strong>Ostra Hage<\/strong><\/p>\n<p>Ostra Hage \u00e4r ett idylliskt omr\u00e5de ca 9 km nordost om Eskilstuna centrum och ca 2 km s\u00f6der om Sundbyholm.<\/p>\n<p>Omr\u00e5det best\u00e5r av blandad bebyggelse med\u00a0nya villor, moderniserade fritidshus och \u00e4ldre sommarstugor.<\/p>\n<p>Ostra Hage har kommunalt vatten och avlopp samt stadsn\u00e4tet. Dessutom n\u00e4rhet till M\u00e4laren och\u00a0 Sundbyholmsomr\u00e5det med slott, bad, marina, travbana samt Ostrabadet.<\/p>\n<p>Den naturliga samlingsplatsen i Ostra Hage \u00e4r gr\u00f6nomr\u00e5det vid den vackra gamla Eken. H\u00e4r finns fina gr\u00f6nytor, lekplats, grillplats och fotbollsm\u00e5l. P\u00e5 gr\u00f6nomr\u00e5det reses midsommarst\u00e5ngen, t\u00e4nds Valborgsm\u00e4ssoelden och h\u00e4r anordnas f\u00f6reningsfester och sammankomster.<\/p>\n<p><strong>Det h\u00e4r \u00e4r Ostra Hage Samf\u00e4llighetsf\u00f6rening<\/strong><\/p>\n<p>F\u00f6reningen f\u00f6rvaltar fyra gemensamhetsanl\u00e4ggningar i Omr\u00e5det Ostra Hage. F\u00f6reningen bedriver ej momspliktig verksamhet och \u00e4r del\u00e4garbeskattad.<\/p>\n<p>De fyra gemensamhetsanl\u00e4ggningarna \u00e4r:<\/p>\n<p>\u2013 GA2, V\u00e4gar och g\u00e5ngstig (Ostra Hagv\u00e4gen och S\u00f6dra Hagv\u00e4gen samt g\u00e5ngstigen som f\u00f6rbinder dem)<br \/>\n\u2013 GA3, Gr\u00f6nomr\u00e5de, Sommarvatten \u00a0samt Stamledningar f\u00f6r dagvatten<br \/>\n\u2013 GA10, Kommunalt vatten och avlopp<br \/>\n\u2013 GA17, Kommunalt vatten och avlopp<\/p>\n<p>Sammanlagt 60 fastigheter ing\u00e5r i samf\u00e4llighetsf\u00f6reningen.<\/p>\n<p>Vilka fastigheter som har andelar i respektive gemensamhetsanl\u00e4ggning framg\u00e5r av handlingar som lantm\u00e4teriet delgivit respektive fastighets\u00e4gare. Vilka gemensamhetsanl\u00e4ggningar\u00a0 respektive fastighet har andel i framg\u00e5r ocks\u00e5 av debiteringsl\u00e4ngden som fastst\u00e4lls vid ordinarie f\u00f6reningsst\u00e4mma varje \u00e5r.<\/p>\n<p><strong>Vad inneb\u00e4r det att ing\u00e5 i samf\u00e4llighetsf\u00f6reningen<\/strong><\/p>\n<p>Fastigheterna i omr\u00e5det har andelar i de olika gemensamhetsanl\u00e4ggningarna och Samf\u00e4llighetsf\u00f6reningen f\u00f6rvaltar dessa anl\u00e4ggningar. Andelstalen \u00e4r fastst\u00e4llda av Lantm\u00e4terimyndigheten. Genom \u00e4gandet av fastigheterna blir \u00e4garna automatiskt och obligatoriskt medlemmar i f\u00f6reningen. Med \u00e4gandet och medlemskapet f\u00f6ljer b\u00e5de skyldigheter och r\u00e4ttigheter.<\/p>\n<p>Respektive fastighets\u00e4gare \u00e4r skyldig att betala avgift till f\u00f6reningen f\u00f6r drift och underh\u00e5ll av f\u00f6reningens gemensamhetsanl\u00e4ggningar. Avgiften f\u00f6r respektive fastighet framg\u00e5r av debiteringsl\u00e4ngden som fastst\u00e4lls vid ordinarie f\u00f6reningsst\u00e4mma som h\u00e5lls en g\u00e5ng per \u00e5r. Fakturan p\u00e5 medlemsavgiften skickas via email till de som uppgett mailadress.<\/p>\n<p>En f\u00f6ruts\u00e4ttning f\u00f6r att samf\u00e4llighetsf\u00f6reningen ska fungera \u00e4r att medlemmarna st\u00e4ller sig till f\u00f6rfogande f\u00f6r platser i styrelse, arbetsutskott och f\u00f6r \u00f6vriga poster i f\u00f6reningen, samt inte minst f\u00f6r gemensamt arbete med att underh\u00e5lla omr\u00e5det och v\u00e5ra anl\u00e4ggningar. F\u00f6r att h\u00e5lla nere f\u00f6reningens kostnader \u00e4r det viktigt att vi alla bidrar med de olika kompetenser och f\u00f6rm\u00e5gor vi har.<\/p>\n<p>Den r\u00e4ttighet respektive fastighet f\u00e5r i och med det som s\u00e4gs ovan \u00e4r att utnyttja de gemensamma anl\u00e4ggningarna samt att man indirekt har en andel av det v\u00e4rde som de representerar.<\/p>\n<p><strong>F\u00f6reningsst\u00e4mma<\/strong><\/p>\n<p>F\u00f6reningens h\u00f6gsta beslutande organ \u00e4r F\u00f6reningsst\u00e4mman. Ordinarie f\u00f6reningsst\u00e4mma ska h\u00e5llas under maj m\u00e5nad varje \u00e5r. Kallelse till f\u00f6reningsst\u00e4mma sker via email till de som uppgivit email adress. De som inte gjort det kallas via fysiskt brev.<\/p>\n<p>Det \u00e4r f\u00f6reningsst\u00e4mman som fattar de stora och viktiga besluten, utser styrelse och revisorer, beslutar om ansvarsfrihet mm.<\/p>\n<p>Det \u00e4r viktigt att alla medlemmar kommer till f\u00f6reningsst\u00e4mman, dels f\u00f6r att f\u00e5 viktig information och f\u00f6r att kunna g\u00f6ra sin st\u00e4mma h\u00f6rd.<\/p>\n<p><strong>Styrelse<\/strong><\/p>\n<p>Styrelsen utses av f\u00f6reningsst\u00e4mman och ansvarar f\u00f6r och tar l\u00f6pande beslut avseende driften och f\u00f6rvaltningen av f\u00f6reningens anl\u00e4ggningar, f\u00f6retr\u00e4der f\u00f6reningen och tecknar f\u00f6reningens firma n\u00e4r s\u00e5 \u00e4r n\u00f6dv\u00e4ndigt. Vilka som ing\u00e5r i styrelsen och hur man tar kontakt framg\u00e5r under fliken &#8221;Kontakta oss&#8221; i toppmenyn.<\/p>\n<p><strong>Arbetsutskott och arbetsplikt<\/strong><\/p>\n<p>Arbetsutskottet ansvarar f\u00f6r planering och genomf\u00f6rande av n\u00f6dv\u00e4ndiga arbeten p\u00e5 v\u00e5ra gemensamhetsanl\u00e4ggningar. Arbetsutskottet utses av styrelsen. Vilka som ing\u00e5r i arbetsutskottet framg\u00e5r under fliken &#8221;kontakta oss&#8221; i toppmenyn.<\/p>\n<p>Normalt genomf\u00f6rs tv\u00e5 arbetsdagar med arbetsplikt varje \u00e5r, en p\u00e5 v\u00e5ren och en p\u00e5 h\u00f6sten. Tidpunkter f\u00f6r dessa arbeten mailas ut, publiceras p\u00e5 hemsidan samt s\u00e4tts upp p\u00e5 anslagstavlorna.<\/p>\n<p><strong>\u00c4garbyten, adress\u00e4ndringar och email-adresser<\/strong><\/p>\n<p>N\u00e4r man s\u00e4ljer sin fastighet ska styrelsen informeras om \u00e4garbytet. Det \u00e4r ocks\u00e5 s\u00e4ljarens ansvar att informera k\u00f6paren om att fastigheten ing\u00e5r i samf\u00e4lligheten och de skyldigheter och r\u00e4ttigheter detta inneb\u00e4r f\u00f6r den nya \u00e4garen.<\/p>\n<p>Det \u00e4r viktigt att \u00e4ven adress\u00e4ndringar utan \u00e4garbyten anm\u00e4ls (g\u00e4ller de som har fast adress utanf\u00f6r Ostra Hage).<\/p>\n<p>F\u00f6r att underl\u00e4tta och minska kostnaden f\u00f6r kommunikationen mellan medlemmar och styrelse \u00e4r det en f\u00f6rdel om du \u00e4ven uppger din email-adress.<\/p>\n<p>Alla anm\u00e4lningar om \u00e4ndringar g\u00f6rs till styrelsens sekreterare eller genom email till styrelsens gemensamma email-adress:\u00a0 ostrahage@hotmail.com<\/p>\n<h4><strong>Beskrivning av v\u00e5ra anl\u00e4ggningar och vad som g\u00e4ller f\u00f6r dem<\/strong><\/h4>\n<p>Under denna l\u00e4nk kan du l\u00e4sa mer om v\u00e5ra gemensamhetsanl\u00e4ggningar och vad som g\u00e4ller f\u00f6r dem <strong><a href=\"https:\/\/www.ostrahage.se\/index.php\/lantanlaggningar\/\">L\u00e4nk<\/a><\/strong><\/p>\n","protected":false},"excerpt":{"rendered":"<p>Ostra Hage Ostra Hage \u00e4r ett idylliskt omr\u00e5de ca 9 km nordost om Eskilstuna centrum och ca 2 km s\u00f6der om Sundbyholm. Omr\u00e5det best\u00e5r av blandad bebyggelse med\u00a0nya villor, moderniserade fritidshus och \u00e4ldre sommarstugor. Ostra Hage har kommunalt vatten och&hellip;&nbsp;<a href=\"https:\/\/www.ostrahage.se\/index.php\/omoss\/\" class=\"more-link\">Read More<\/a><\/p>\n","protected":false},"author":1,"featured_media":629,"parent":0,"menu_order":0,"comment_status":"closed","ping_status":"closed","template":"","meta":{"footnotes":""},"_links":{"self":[{"href":"https:\/\/www.ostrahage.se\/index.php\/wp-json\/wp\/v2\/pages\/362"}],"collection":[{"href":"https:\/\/www.ostrahage.se\/index.php\/wp-json\/wp\/v2\/pages"}],"about":[{"href":"https:\/\/www.ostrahage.se\/index.php\/wp-json\/wp\/v2\/types\/page"}],"author":[{"embeddable":true,"href":"https:\/\/www.ostrahage.se\/index.php\/wp-json\/wp\/v2\/users\/1"}],"replies":[{"embeddable":true,"href":"https:\/\/www.ostrahage.se\/index.php\/wp-json\/wp\/v2\/comments?post=362"}],"version-history":[{"count":84,"href":"https:\/\/www.ostrahage.se\/index.php\/wp-json\/wp\/v2\/pages\/362\/revisions"}],"predecessor-version":[{"id":3129,"href":"https:\/\/www.ostrahage.se\/index.php\/wp-json\/wp\/v2\/pages\/362\/revisions\/3129"}],"wp:featuredmedia":[{"embeddable":true,"href":"https:\/\/www.ostrahage.se\/index.php\/wp-json\/wp\/v2\/media\/629"}],"wp:attachment":[{"href":"https:\/\/www.ostrahage.se\/index.php\/wp-json\/wp\/v2\/media?parent=362"}],"curies":[{"name":"wp","href":"https:\/\/api.w.org\/{rel}","templated":true}]}}