{"id":364,"date":"2018-01-08T14:59:02","date_gmt":"2018-01-08T14:59:02","guid":{"rendered":"https:\/\/demo.axlethemes.com\/education-mind-pro\/?page_id=8"},"modified":"2025-06-01T19:59:54","modified_gmt":"2025-06-01T17:59:54","slug":"kontaktaoss","status":"publish","type":"page","link":"https:\/\/www.ostrahage.se\/index.php\/kontaktaoss\/","title":{"rendered":"Kontakta oss"},"content":{"rendered":"\n<p>F\u00f6reningens e-mail adress f\u00f6r <strong>EJ akuta fr\u00e5gor \u00e4r:<\/strong> ostrahage@hotmail.com<\/p>\n\n\n\n<p>Adress f\u00f6r fysiska brev:<\/p>\n\n\n\n<p>Ostra Hage Samf\u00e4llighetsf\u00f6rening<br>c\/o Bengt Johansson<br>S\u00f6dra Hagv\u00e4gen 7<br>635 08&nbsp; Eskilstuna<\/p>\n\n\n\n<p>Organisationsnummer: 716424-4415<\/p>\n\n\n\n<p>Bankgiro: 5089-3551<\/p>\n\n\n\n<p><\/p>\n\n\n\n<figure class=\"wp-block-table\"><table><tbody><tr><td><strong>Styrelse<\/strong><strong><\/strong><\/td><td><strong>Telefon<\/strong><\/td><\/tr><tr><td><strong>Bengt Johansson (Ordf\u00f6rande)<\/strong><\/td><td><strong>070-9800624<\/strong><\/td><\/tr><tr><td><strong>Ann Olofsson (Kass\u00f6r)<\/strong><\/td><td><strong>070-8990335<\/strong><\/td><\/tr><tr><td><strong>Erik Ehrnholm (Sekreterare)<\/strong><\/td><td><strong>070-714 77 14<\/strong><\/td><\/tr><tr><td><strong>Ove Gr\u00f6nberg (Arbetsutskottet)<\/strong><\/td><td><strong>076-8826195<\/strong><\/td><\/tr><tr><td><strong>Alexander Osztovics (Kommunalt V\/A)<\/strong><\/td><td><strong>070-615 58 02<\/strong><\/td><\/tr><\/tbody><\/table><\/figure>\n\n\n\n<figure class=\"wp-block-table\"><table><tbody><tr><td><strong>Arbetsutskott<\/strong><strong><\/strong><\/td><td><strong>Telefon<\/strong><\/td><\/tr><tr><td><strong><u>Sammankallande<\/u><\/strong><\/td><td><strong>&nbsp;<\/strong><\/td><\/tr><tr><td><strong>Ove Gr\u00f6nberg<\/strong><\/td><td><strong>076-8826195<\/strong><\/td><\/tr><tr><td><strong><u>Kommunalt vatten och avlopp<\/u><\/strong><strong><\/strong><\/td><td><strong>&nbsp;<\/strong><\/td><\/tr><tr><td><strong>Alexander Osztovics<\/strong><\/td><td><strong>070-615 58 02<\/strong><\/td><\/tr><tr><td><strong><u>Sommarvatten och v\u00e4gar<\/u><\/strong><strong><\/strong><\/td><td><strong>&nbsp;<\/strong><\/td><\/tr><tr><td><strong>Ove Gr\u00f6nberg<\/strong><\/td><td><strong>076-8826195<\/strong><\/td><\/tr><tr><td><strong>Christer Karlsson<\/strong><\/td><td><strong>073-9967014<\/strong><\/td><\/tr><tr><td><strong><u>Stadsn\u00e4tet<\/u><\/strong><\/td><td><strong>&nbsp;<\/strong><\/td><\/tr><tr><td><strong>Bengt Johansson<\/strong><\/td><td><strong>070<\/strong>&#8211;<strong>9800624<\/strong><\/td><\/tr><tr><td><strong><u>Lekplatsen<\/u><\/strong><\/td><td><strong>&nbsp;<\/strong><\/td><\/tr><tr><td><strong>Erik Ehrnholm<\/strong><\/td><td><strong>070-714 77 14<\/strong><\/td><\/tr><tr><td><strong><u>Gr\u00e4sklippning gr\u00f6nomr\u00e5det<\/u><\/strong><\/td><td><strong>&nbsp;<\/strong><\/td><\/tr><tr><td><strong>Christer Karlsson<\/strong><\/td><td><strong>073-9967014<\/strong><\/td><\/tr><tr><td><strong>&nbsp;<\/strong><\/td><td><strong>&nbsp;<\/strong><\/td><\/tr><\/tbody><\/table><\/figure>\n\n\n\n<figure class=\"wp-block-table\"><table><tbody><tr><td><strong>Revisorer<\/strong><strong><\/strong><\/td><td>&nbsp;<strong>Telefon<\/strong><\/td><\/tr><tr><td><strong>Camilla Sj\u00f6berg<\/strong><\/td><td><strong>073-5940101<\/strong><\/td><\/tr><tr><td><strong>Peter Fred\u00e9n<\/strong><\/td><td>072-1584201<\/td><\/tr><\/tbody><\/table><\/figure>\n\n\n\n<figure class=\"wp-block-table\"><table><tbody><tr><td><strong>Valberedning<\/strong><strong><\/strong><\/td><td><strong>&nbsp;Telefon<\/strong><\/td><\/tr><tr><td><strong>Christer Karlsson<\/strong><\/td><td><strong>073-9967014<\/strong><\/td><\/tr><tr><td><strong>Johan Bjonholm<\/strong><\/td><td><strong>070-3699005<\/strong><\/td><\/tr><\/tbody><\/table><\/figure>\n\n\n\n<figure class=\"wp-block-table\"><table><tbody><tr><td><strong>Festkommitt\u00e9 (frist\u00e5ende fr\u00e5n f\u00f6reningen)<\/strong><\/td><td>&nbsp;<strong>Telefon<\/strong><\/td><\/tr><tr><td>Anette Lagerkvist<\/td><td>0736-656892<\/td><\/tr><tr><td>Petra Runstr\u00f6m Nilsson<\/td><td>073-6620944<\/td><\/tr><tr><td>Sanna Gustafsson<\/td><td>073-3880880<\/td><\/tr><\/tbody><\/table><\/figure>\n\n\n\n<p><\/p>\n","protected":false},"excerpt":{"rendered":"<p>F\u00f6reningens e-mail adress f\u00f6r EJ akuta fr\u00e5gor \u00e4r: ostrahage@hotmail.com Adress f\u00f6r fysiska brev: Ostra Hage Samf\u00e4llighetsf\u00f6reningc\/o Bengt JohanssonS\u00f6dra Hagv\u00e4gen 7635 08&nbsp; Eskilstuna Organisationsnummer: 716424-4415 Bankgiro: 5089-3551 Styrelse Telefon Bengt Johansson (Ordf\u00f6rande) 070-9800624 Ann Olofsson (Kass\u00f6r) 070-8990335 Erik Ehrnholm (Sekreterare) 070-714&hellip;&nbsp;<a href=\"https:\/\/www.ostrahage.se\/index.php\/kontaktaoss\/\" class=\"more-link\">Read More<\/a><\/p>\n","protected":false},"author":1,"featured_media":0,"parent":0,"menu_order":0,"comment_status":"closed","ping_status":"closed","template":"templates\/full-width.php","meta":{"footnotes":""},"_links":{"self":[{"href":"https:\/\/www.ostrahage.se\/index.php\/wp-json\/wp\/v2\/pages\/364"}],"collection":[{"href":"https:\/\/www.ostrahage.se\/index.php\/wp-json\/wp\/v2\/pages"}],"about":[{"href":"https:\/\/www.ostrahage.se\/index.php\/wp-json\/wp\/v2\/types\/page"}],"author":[{"embeddable":true,"href":"https:\/\/www.ostrahage.se\/index.php\/wp-json\/wp\/v2\/users\/1"}],"replies":[{"embeddable":true,"href":"https:\/\/www.ostrahage.se\/index.php\/wp-json\/wp\/v2\/comments?post=364"}],"version-history":[{"count":42,"href":"https:\/\/www.ostrahage.se\/index.php\/wp-json\/wp\/v2\/pages\/364\/revisions"}],"predecessor-version":[{"id":3053,"href":"https:\/\/www.ostrahage.se\/index.php\/wp-json\/wp\/v2\/pages\/364\/revisions\/3053"}],"wp:attachment":[{"href":"https:\/\/www.ostrahage.se\/index.php\/wp-json\/wp\/v2\/media?parent=364"}],"curies":[{"name":"wp","href":"https:\/\/api.w.org\/{rel}","templated":true}]}}