{"id":369,"date":"2018-01-09T05:45:04","date_gmt":"2018-01-09T05:45:04","guid":{"rendered":"https:\/\/demo.axlethemes.com\/education-mind-pro\/?page_id=82"},"modified":"2023-02-05T11:50:20","modified_gmt":"2023-02-05T10:50:20","slug":"omradeskarta","status":"publish","type":"page","link":"https:\/\/www.ostrahage.se\/index.php\/omradeskarta\/","title":{"rendered":"Omr\u00e5deskarta"},"content":{"rendered":"<p>F\u00f6r skarpare karta. Ladda ner filen nedan.<\/p>\n<p>(PDF) <a href=\"https:\/\/media1.ostrahage.se\/2023\/02\/230101-Omradeskarta-med-vagnamn.jpg\">Omr\u00e5deskarta med v\u00e4gnamn<\/a><\/p>\n","protected":false},"excerpt":{"rendered":"<p>F\u00f6r skarpare karta. Ladda ner filen nedan. (PDF) Omr\u00e5deskarta med v\u00e4gnamn<\/p>\n","protected":false},"author":1,"featured_media":2214,"parent":0,"menu_order":0,"comment_status":"closed","ping_status":"closed","template":"","meta":{"footnotes":""},"_links":{"self":[{"href":"https:\/\/www.ostrahage.se\/index.php\/wp-json\/wp\/v2\/pages\/369"}],"collection":[{"href":"https:\/\/www.ostrahage.se\/index.php\/wp-json\/wp\/v2\/pages"}],"about":[{"href":"https:\/\/www.ostrahage.se\/index.php\/wp-json\/wp\/v2\/types\/page"}],"author":[{"embeddable":true,"href":"https:\/\/www.ostrahage.se\/index.php\/wp-json\/wp\/v2\/users\/1"}],"replies":[{"embeddable":true,"href":"https:\/\/www.ostrahage.se\/index.php\/wp-json\/wp\/v2\/comments?post=369"}],"version-history":[{"count":7,"href":"https:\/\/www.ostrahage.se\/index.php\/wp-json\/wp\/v2\/pages\/369\/revisions"}],"predecessor-version":[{"id":2648,"href":"https:\/\/www.ostrahage.se\/index.php\/wp-json\/wp\/v2\/pages\/369\/revisions\/2648"}],"wp:featuredmedia":[{"embeddable":true,"href":"https:\/\/www.ostrahage.se\/index.php\/wp-json\/wp\/v2\/media\/2214"}],"wp:attachment":[{"href":"https:\/\/www.ostrahage.se\/index.php\/wp-json\/wp\/v2\/media?parent=369"}],"curies":[{"name":"wp","href":"https:\/\/api.w.org\/{rel}","templated":true}]}}