{"id":375,"date":"2018-01-09T05:46:34","date_gmt":"2018-01-09T05:46:34","guid":{"rendered":"https:\/\/demo.axlethemes.com\/education-mind-pro\/?page_id=98"},"modified":"2025-07-16T18:09:46","modified_gmt":"2025-07-16T16:09:46","slug":"stadgar","status":"publish","type":"page","link":"https:\/\/www.ostrahage.se\/index.php\/stadgar\/","title":{"rendered":"Stadgar"},"content":{"rendered":"<p>F\u00f6reningens stadgar beslutas vid f\u00f6reningsst\u00e4mma och fastst\u00e4lls av Lantm\u00e4terimyndigheten.<\/p>\n<p>Vid f\u00f6reningsst\u00e4mman den 31 maj 2025 beslutades att \u00e4ndra\/uppdatera stadgarna med anledning av att vi s\u00e5lt v\u00e5r gemensamhetsanl\u00e4ggning GA18 (Fiberanl\u00e4ggningen).<\/p>\n<p>Nedan kan du ladda ner den uppdaterade versionen av stadgarna som \u00e4r fastst\u00e4lld av Lantm\u00e4terimyndigheten.<\/p>\n<p>(PDF) <a href=\"https:\/\/www.ostrahage.se\/wp-content\/uploads\/2025\/06\/Foreningsstadgar-2025-underskrivna.pdf\">F\u00f6reningsstadgar 2025<\/a><\/p>\n<p>(PDF)\u00a0\u00a0<a href=\"https:\/\/media1.ostrahage.se\/2019\/03\/Kommentarer-till-f\u00f6reningsstadgar.pdf\">Kommentarer till f\u00f6reningsstadgar<\/a><\/p>\n\n\n<p><\/p>\n","protected":false},"excerpt":{"rendered":"<p>F\u00f6reningens stadgar beslutas vid f\u00f6reningsst\u00e4mma och fastst\u00e4lls av Lantm\u00e4terimyndigheten. Vid f\u00f6reningsst\u00e4mman den 31 maj 2025 beslutades att \u00e4ndra\/uppdatera stadgarna med anledning av att vi s\u00e5lt v\u00e5r gemensamhetsanl\u00e4ggning GA18 (Fiberanl\u00e4ggningen). Nedan kan du ladda ner den uppdaterade versionen av stadgarna som&hellip;&nbsp;<a href=\"https:\/\/www.ostrahage.se\/index.php\/stadgar\/\" class=\"more-link\">Read More<\/a><\/p>\n","protected":false},"author":1,"featured_media":0,"parent":0,"menu_order":0,"comment_status":"closed","ping_status":"closed","template":"","meta":{"footnotes":""},"_links":{"self":[{"href":"https:\/\/www.ostrahage.se\/index.php\/wp-json\/wp\/v2\/pages\/375"}],"collection":[{"href":"https:\/\/www.ostrahage.se\/index.php\/wp-json\/wp\/v2\/pages"}],"about":[{"href":"https:\/\/www.ostrahage.se\/index.php\/wp-json\/wp\/v2\/types\/page"}],"author":[{"embeddable":true,"href":"https:\/\/www.ostrahage.se\/index.php\/wp-json\/wp\/v2\/users\/1"}],"replies":[{"embeddable":true,"href":"https:\/\/www.ostrahage.se\/index.php\/wp-json\/wp\/v2\/comments?post=375"}],"version-history":[{"count":18,"href":"https:\/\/www.ostrahage.se\/index.php\/wp-json\/wp\/v2\/pages\/375\/revisions"}],"predecessor-version":[{"id":3125,"href":"https:\/\/www.ostrahage.se\/index.php\/wp-json\/wp\/v2\/pages\/375\/revisions\/3125"}],"wp:attachment":[{"href":"https:\/\/www.ostrahage.se\/index.php\/wp-json\/wp\/v2\/media?parent=375"}],"curies":[{"name":"wp","href":"https:\/\/api.w.org\/{rel}","templated":true}]}}