{"id":382,"date":"2018-01-09T05:53:39","date_gmt":"2018-01-09T05:53:39","guid":{"rendered":"https:\/\/demo.axlethemes.com\/education-mind-pro\/?page_id=114"},"modified":"2024-04-08T21:34:02","modified_gmt":"2024-04-08T19:34:02","slug":"avlasningsrutinerva","status":"publish","type":"page","link":"https:\/\/www.ostrahage.se\/index.php\/avlasningsrutinerva\/","title":{"rendered":"V\/A\u200b rutiner"},"content":{"rendered":"<p>Nedan kan du l\u00e4sa om f\u00f6reningens avl\u00e4sningsrutiner och <strong>vad som \u00e4r viktigt att t\u00e4nka p\u00e5 och vad du m\u00e5ste g\u00f6ra innan du kopplar in dig p\u00e5 f\u00f6reningens stamn\u00e4t f\u00f6r vatten och avlopp<\/strong><\/p>\n<p><strong>Rutiner f\u00f6r avl\u00e4sning av m\u00e4tarst\u00e4llning f\u00f6r fastigheter som \u00e4r anslutna till f\u00f6reningens stamn\u00e4t f\u00f6r kommunalt vatten och avlopp (GA10 och GA17)<\/strong><\/p>\n<p>Avl\u00e4sning g\u00f6rs vid tv\u00e5 fasta datum\/tillf\u00e4llen per \u00e5r. Dessa tillf\u00e4llen \u00e4r 30 april och 30 september. Avl\u00e4sningen g\u00f6rs av fastghets\u00e4garen sj\u00e4lv genom fotografering av m\u00e4tarst\u00e4llningen och fotot skickas sedan via email till f\u00f6reningens s\u00e4rskilda emailkonto f\u00f6r \u00e4ndam\u00e5let <a href=\"mailto:vatten.ostrahage@outlook.com\">vatten.ostrahage@outlook.com<\/a>. \u00c4ven om styrelsen kommer att p\u00e5minna om avl\u00e4sning \u00e4r det varje medlems skyldighet att utan p\u00e5minnelse maila in fotografiet med m\u00e4tarst\u00e4llningen de aktuella datumen. Om man inte har m\u00f6jlighet att l\u00e4sa av m\u00e4tarst\u00e4llningen just den aktuella dagen f\u00e5r man i st\u00e4llet g\u00f6ra avl\u00e4sningen upp till 14 dagar tidigare men mailet med fotografiet ska vara f\u00f6reningen tillhanda senast den 30 april respektive 30 september. Mailet som skickas ska alltid, f\u00f6rutom fotografiet, inneh\u00e5lla uppgift om fastighetsbeteckning och datum d\u00e5 avl\u00e4sningen gjordes.<\/p>\n<p>Om n\u00e5gon medlem inte kan g\u00f6ra sj\u00e4lvavl\u00e4sning enligt rutinen ovan kan \u00f6verenskommelse g\u00f6ras med f\u00f6reningens V\/A ansvarig som d\u00e5 kan bes\u00f6ka och g\u00f6ra avl\u00e4sningen. I dessa fall tillkommer en avgift p\u00e5 100 kr per avl\u00e4sning.<\/p>\n<p>Styrelsen har ocks\u00e5 r\u00e4tt att n\u00e4r som helst g\u00f6ra manuell kontrollavl\u00e4sning vid misst\u00e4nkt fusk samt stickprovskontroller.<\/p>\n<p>Om m\u00e4tarst\u00e4llning inte rapporterats senast datumen ovan kommer styrelsen att skicka\/l\u00e4mna p\u00e5minnelser var 14:e dag tills m\u00e4tarst\u00e4llningen inkommit. F\u00f6r varje p\u00e5minnelse har styrelsen r\u00e4tt att ta ut en avgift p\u00e5 100 kr.<\/p>\n<p><strong>Viktigt att t\u00e4nka p\u00e5 och att g\u00f6ra innan du ansluter till f\u00f6reningens VA-n\u00e4t<\/strong><\/p>\n<p class=\"xmsonormal\" style=\"margin-bottom: 7.5pt; background: white;\"><span style=\"font-size: 13.0pt; font-family: Roboto; color: #777777;\">Innan du ansluter till f\u00f6reningens stamn\u00e4t m\u00e5ste du<br \/>\n<\/span><span style=\"font-size: 13.0pt; font-family: Roboto; color: #777777;\">1.<\/span><span style=\"font-size: 7.0pt; font-family: 'Times New Roman',serif; color: #777777;\">\u00a0\u00a0\u00a0 <\/span><span style=\"font-size: 13.0pt; font-family: Roboto; color: #777777;\">I god tid informera och samr\u00e5da med f\u00f6reningens ansvarige. Vem som \u00e4r ansvarig framg\u00e5r p\u00e5 hemsidan under fliken \u201dKontakta oss\u201d samt av kontaktinformationen p\u00e5 anslagstavlorna i omr\u00e5det<br \/>\n<\/span><span style=\"font-size: 13.0pt; font-family: Roboto; color: #777777;\">2.<\/span><span style=\"font-size: 7.0pt; font-family: 'Times New Roman',serif; color: #777777;\">\u00a0\u00a0\u00a0 <\/span><span style=\"font-size: 13.0pt; font-family: Roboto; color: #777777;\">K\u00f6pa och installera en vattenm\u00e4tare. Denna k\u00f6per du hos auktoriserad VVS-handlare.<br \/>\n<\/span><span style=\"font-size: 13.0pt; font-family: Roboto; color: #777777;\">3.<\/span><span style=\"font-size: 7.0pt; font-family: 'Times New Roman',serif; color: #777777;\">\u00a0\u00a0\u00a0 <\/span><span style=\"font-size: 13.0pt; font-family: Roboto; color: #777777;\">Noggrant kontrollera att fastighetens avlopp kopplas till avloppsstammen och inte till dagvattenstammen. Det kan finnas tv\u00e5 r\u00f6r som ser likadana ut framdragna till servicen. Ta hj\u00e4lp av f\u00f6reningens VA-ansvarige f\u00f6r att s\u00e4kra att inkopplingen g\u00f6rs till r\u00e4tt r\u00f6r.<\/span><\/p>\n<p class=\"xmsonormal\" style=\"margin-bottom: 7.5pt; background: white;\"><span style=\"font-size: 13.0pt; font-family: Roboto; color: #777777;\">F\u00f6reningen kommer att anm\u00e4la inkopplingen till Eskilstuna Energi och milj\u00f6. Detta \u00e4r f\u00f6reningen skyldig att g\u00f6ra enlig g\u00e4llande avtal.<\/span><\/p>\n<p class=\"xmsonormal\" style=\"margin-bottom: 7.5pt; background: white;\"><span style=\"font-size: 13.0pt; font-family: Roboto; color: #777777;\">Eskilstuna Energi och milj\u00f6 tar ut en avgift f\u00f6r anslutningen. Avgiften betalas av respektive fastighets\u00e4gare.<\/span><\/p>\n<p class=\"xmsonormal\" style=\"margin-bottom: 7.5pt; background: white;\"><span style=\"font-size: 13.0pt; font-family: Roboto; color: #777777;\">Innan du b\u00f6rjar anv\u00e4nda det kommunala vattnet ska m\u00e4taren avl\u00e4sas av f\u00f6reningens ansvarige enligt ovan.<\/span><\/p>\n<p class=\"xmsonormal\" style=\"margin-bottom: 7.5pt; background: white;\"><span style=\"font-size: 13.0pt; font-family: Roboto; color: #777777;\">Inkoppling f\u00e5r endast g\u00f6ras av person med dokumenterad kompetens och beh\u00f6righet f\u00f6r inkoppling av kommunalt V\/A.\u00a0 Anlita fackman, dvs. auktoriserad VVS-firma eller motsvarande f\u00f6r arbetet s\u00e5 att anslutningar och ledningar inte skadas. Eventuella skador som uppst\u00e5r p\u00e5 f\u00f6reningens ledningar vid inkopplingen ers\u00e4tts av fastighets\u00e4garen.<\/span><\/p>\n","protected":false},"excerpt":{"rendered":"<p>Nedan kan du l\u00e4sa om f\u00f6reningens avl\u00e4sningsrutiner och vad som \u00e4r viktigt att t\u00e4nka p\u00e5 och vad du m\u00e5ste g\u00f6ra innan du kopplar in dig p\u00e5 f\u00f6reningens stamn\u00e4t f\u00f6r vatten och avlopp Rutiner f\u00f6r avl\u00e4sning av m\u00e4tarst\u00e4llning f\u00f6r fastigheter som&hellip;&nbsp;<a href=\"https:\/\/www.ostrahage.se\/index.php\/avlasningsrutinerva\/\" class=\"more-link\">Read More<\/a><\/p>\n","protected":false},"author":1,"featured_media":0,"parent":0,"menu_order":2,"comment_status":"closed","ping_status":"closed","template":"","meta":{"footnotes":""},"_links":{"self":[{"href":"https:\/\/www.ostrahage.se\/index.php\/wp-json\/wp\/v2\/pages\/382"}],"collection":[{"href":"https:\/\/www.ostrahage.se\/index.php\/wp-json\/wp\/v2\/pages"}],"about":[{"href":"https:\/\/www.ostrahage.se\/index.php\/wp-json\/wp\/v2\/types\/page"}],"author":[{"embeddable":true,"href":"https:\/\/www.ostrahage.se\/index.php\/wp-json\/wp\/v2\/users\/1"}],"replies":[{"embeddable":true,"href":"https:\/\/www.ostrahage.se\/index.php\/wp-json\/wp\/v2\/comments?post=382"}],"version-history":[{"count":18,"href":"https:\/\/www.ostrahage.se\/index.php\/wp-json\/wp\/v2\/pages\/382\/revisions"}],"predecessor-version":[{"id":2747,"href":"https:\/\/www.ostrahage.se\/index.php\/wp-json\/wp\/v2\/pages\/382\/revisions\/2747"}],"wp:attachment":[{"href":"https:\/\/www.ostrahage.se\/index.php\/wp-json\/wp\/v2\/media?parent=382"}],"curies":[{"name":"wp","href":"https:\/\/api.w.org\/{rel}","templated":true}]}}